{"id":6342,"date":"2024-08-16T14:17:03","date_gmt":"2024-08-16T12:17:03","guid":{"rendered":"https:\/\/www.christoph-hainz.com\/?page_id=6342"},"modified":"2025-06-10T16:06:07","modified_gmt":"2025-06-10T14:06:07","slug":"impressum","status":"publish","type":"page","link":"https:\/\/www.christoph-hainz.com\/it\/impressum\/","title":{"rendered":"Impressum"},"content":{"rendered":"\t\t<div data-elementor-type=\"wp-page\" data-elementor-id=\"6342\" class=\"elementor elementor-6342 elementor-3225\">\n\t\t\t\t<div class=\"elementor-element elementor-element-5bc61414 e-flex e-con-boxed e-con e-parent\" data-id=\"5bc61414\" data-element_type=\"container\">\n\t\t\t\t\t<div class=\"e-con-inner\">\n\t\t\t\t<div class=\"elementor-element elementor-element-6ed58bd1 elementor-mobile-align-center elementor-align-center elementor-widget elementor-widget-raven-heading\" data-id=\"6ed58bd1\" data-element_type=\"widget\" data-widget_type=\"raven-heading.default\">\n\t\t\t\t<div class=\"elementor-widget-container\">\n\t\t\t\t\t\t\t<div class=\"raven-widget-wrapper\"><h2 class=\"raven-heading raven-heading-h2\"><span class=\"raven-heading-title \">Impressum<\/span><\/h2><\/div>\r\n\t\t\t\t\t\t<\/div>\n\t\t\t\t<\/div>\n\t\t<div class=\"elementor-element elementor-element-94873d2 e-flex e-con-boxed e-con e-child\" data-id=\"94873d2\" data-element_type=\"container\">\n\t\t\t\t\t<div class=\"e-con-inner\">\n\t\t\t\t<div class=\"elementor-element elementor-element-1fa1f8f3 elementor-widget__width-initial elementor-widget elementor-widget-text-editor\" data-id=\"1fa1f8f3\" data-element_type=\"widget\" data-widget_type=\"text-editor.default\">\n\t\t\t\t<div class=\"elementor-widget-container\">\n\t\t\t\t\t\t\t\t\t<p><strong>Proprietario e responsabile per il contenuto:<br \/><\/strong>Christoph Hainz<br \/>Mair-am-Bach-Weg 7<br \/>I-39030 Nessano &#8211; Perca<br \/>Mobil: +39 348 45 09 282<br \/><a href=\"mailto:info@christoph-hainz.com\">info@christoph-hainz.com<\/a><br \/>P.IVA: 01556940219<\/p><p><strong>Material fotografico:<\/strong><br \/>Christoph Hainz, Archivio<\/p><p><strong>Avviso di responsabilit\u00e0:<\/strong><br \/>I marchi e le societ\u00e0 citate su questo sito sono di propriet\u00e0 del apposito titolare.<br \/>Nonostante l\u2019attento controllo dei contenuti, non assumiamo nessuna responsabilit\u00e0 per i contenuti relativi a link esterni. Sono responsabili per il contenuto delle pagine collegate esclusivamente i gestori delle pagine stesse.<\/p>\t\t\t\t\t\t\t\t<\/div>\n\t\t\t\t<\/div>\n\t\t\t\t<div class=\"elementor-element elementor-element-349b387 elementor-widget__width-initial elementor-widget elementor-widget-text-editor\" data-id=\"349b387\" data-element_type=\"widget\" data-widget_type=\"text-editor.default\">\n\t\t\t\t<div class=\"elementor-widget-container\">\n\t\t\t\t\t\t\t\t\t<p><strong>Realizzazione, concetto e design:<br \/><\/strong>Fuchsdesign<br \/>Via Dolomiti 25a, 39034 Dobbiaco<br \/>Alto Adige \u2013 Italia<br \/>Tel +39 0474 979 048<br \/><a href=\"mailto:info@fuchsdesign.it\">info@fuchsdesign.it<\/a><br \/><a class=\"external-link-new-window\" title=\"Apre un link esterno in una nuova finestra\" href=\"http:\/\/www.fuchsdesign.it\/\" target=\"_blank\" rel=\"noopener noreferrer\">www.fuchsdesign.it<\/a><\/p><p><strong>Informazione obbligatoria ai sensi del Regolamento UE n. 524\/2016 del Parlamento europeo e del Consiglio<\/strong><br \/><a href=\"https:\/\/ec.europa.eu\/consumers\/odr\/\" target=\"_blank\" rel=\"noopener\">Piattaforma per la risoluzione delle controversie online<\/a>\u00a0dei consumatori (ODR) della Commissione europea.<\/p>\t\t\t\t\t\t\t\t<\/div>\n\t\t\t\t<\/div>\n\t\t\t\t\t<\/div>\n\t\t\t\t<\/div>\n\t\t\t\t\t<\/div>\n\t\t\t\t<\/div>\n\t\t\t\t<\/div>\n\t\t","protected":false},"excerpt":{"rendered":"<p>Impressum Proprietario e responsabile per il contenuto:Christoph HainzMair-am-Bach-Weg 7I-39030 Nessano &#8211; PercaMobil: +39 348 45 09 282info@christoph-hainz.comP.IVA: 01556940219 Material fotografico:Christoph Hainz, Archivio Avviso di responsabilit\u00e0:I marchi e le societ\u00e0 citate su questo sito sono di propriet\u00e0 del apposito titolare.Nonostante l\u2019attento controllo dei contenuti, non assumiamo nessuna responsabilit\u00e0 per i contenuti relativi a link esterni. Sono [&hellip;]<\/p>\n","protected":false},"author":1,"featured_media":0,"parent":0,"menu_order":0,"comment_status":"closed","ping_status":"closed","template":"elementor_header_footer","meta":{"_acf_changed":false,"footnotes":""},"class_list":["post-6342","page","type-page","status-publish","hentry"],"acf":[],"yoast_head":"<!-- This site is optimized with the Yoast SEO plugin v25.6 - https:\/\/yoast.com\/wordpress\/plugins\/seo\/ -->\n<title>Impressum - Christoph Hainz - Guida alpina Alto Adige e alpinista estremo<\/title>\n<meta name=\"robots\" content=\"index, follow, max-snippet:-1, max-image-preview:large, max-video-preview:-1\" \/>\n<link rel=\"canonical\" href=\"https:\/\/www.christoph-hainz.com\/it\/impressum\/\" \/>\n<meta property=\"og:locale\" content=\"it_IT\" \/>\n<meta property=\"og:type\" content=\"article\" \/>\n<meta property=\"og:title\" content=\"Impressum - Christoph Hainz - Guida alpina Alto Adige e alpinista estremo\" \/>\n<meta property=\"og:description\" content=\"Impressum Proprietario e responsabile per il contenuto:Christoph HainzMair-am-Bach-Weg 7I-39030 Nessano &#8211; PercaMobil: +39 348 45 09 282info@christoph-hainz.comP.IVA: 01556940219 Material fotografico:Christoph Hainz, Archivio Avviso di responsabilit\u00e0:I marchi e le societ\u00e0 citate su questo sito sono di propriet\u00e0 del apposito titolare.Nonostante l\u2019attento controllo dei contenuti, non assumiamo nessuna responsabilit\u00e0 per i contenuti relativi a link esterni. Sono [&hellip;]\" \/>\n<meta property=\"og:url\" content=\"https:\/\/www.christoph-hainz.com\/it\/impressum\/\" \/>\n<meta property=\"og:site_name\" content=\"Christoph Hainz - Guida alpina Alto Adige e alpinista estremo\" \/>\n<meta property=\"article:publisher\" content=\"https:\/\/www.facebook.com\/christoph.hainz.16\" \/>\n<meta property=\"article:modified_time\" content=\"2025-06-10T14:06:07+00:00\" \/>\n<meta name=\"twitter:card\" content=\"summary_large_image\" \/>\n<meta name=\"twitter:label1\" content=\"Tempo di lettura stimato\" \/>\n\t<meta name=\"twitter:data1\" content=\"1 minuto\" \/>\n<script type=\"application\/ld+json\" class=\"yoast-schema-graph\">{\"@context\":\"https:\/\/schema.org\",\"@graph\":[{\"@type\":\"WebPage\",\"@id\":\"https:\/\/www.christoph-hainz.com\/it\/impressum\/\",\"url\":\"https:\/\/www.christoph-hainz.com\/it\/impressum\/\",\"name\":\"Impressum - Christoph Hainz - Guida alpina Alto Adige e alpinista estremo\",\"isPartOf\":{\"@id\":\"https:\/\/www.christoph-hainz.com\/#website\"},\"datePublished\":\"2024-08-16T12:17:03+00:00\",\"dateModified\":\"2025-06-10T14:06:07+00:00\",\"breadcrumb\":{\"@id\":\"https:\/\/www.christoph-hainz.com\/it\/impressum\/#breadcrumb\"},\"inLanguage\":\"it-IT\",\"potentialAction\":[{\"@type\":\"ReadAction\",\"target\":[\"https:\/\/www.christoph-hainz.com\/it\/impressum\/\"]}]},{\"@type\":\"BreadcrumbList\",\"@id\":\"https:\/\/www.christoph-hainz.com\/it\/impressum\/#breadcrumb\",\"itemListElement\":[{\"@type\":\"ListItem\",\"position\":1,\"name\":\"Startseite\",\"item\":\"https:\/\/www.christoph-hainz.com\/it\/\"},{\"@type\":\"ListItem\",\"position\":2,\"name\":\"Impressum\"}]},{\"@type\":\"WebSite\",\"@id\":\"https:\/\/www.christoph-hainz.com\/#website\",\"url\":\"https:\/\/www.christoph-hainz.com\/\",\"name\":\"Christoph Hainz\",\"description\":\"Guida alpina in Alto Adige\",\"publisher\":{\"@id\":\"https:\/\/www.christoph-hainz.com\/#organization\"},\"potentialAction\":[{\"@type\":\"SearchAction\",\"target\":{\"@type\":\"EntryPoint\",\"urlTemplate\":\"https:\/\/www.christoph-hainz.com\/?s={search_term_string}\"},\"query-input\":{\"@type\":\"PropertyValueSpecification\",\"valueRequired\":true,\"valueName\":\"search_term_string\"}}],\"inLanguage\":\"it-IT\"},{\"@type\":\"Organization\",\"@id\":\"https:\/\/www.christoph-hainz.com\/#organization\",\"name\":\"Christoph Hainz\",\"url\":\"https:\/\/www.christoph-hainz.com\/\",\"logo\":{\"@type\":\"ImageObject\",\"inLanguage\":\"it-IT\",\"@id\":\"https:\/\/www.christoph-hainz.com\/#\/schema\/logo\/image\/\",\"url\":\"https:\/\/www.christoph-hainz.com\/wp-content\/uploads\/Logo-Christoph-Hainz.svg\",\"contentUrl\":\"https:\/\/www.christoph-hainz.com\/wp-content\/uploads\/Logo-Christoph-Hainz.svg\",\"width\":469.97,\"height\":104.38,\"caption\":\"Christoph Hainz\"},\"image\":{\"@id\":\"https:\/\/www.christoph-hainz.com\/#\/schema\/logo\/image\/\"},\"sameAs\":[\"https:\/\/www.facebook.com\/christoph.hainz.16\"]}]}<\/script>\n<!-- \/ Yoast SEO plugin. -->","yoast_head_json":{"title":"Impressum - Christoph Hainz - Guida alpina Alto Adige e alpinista estremo","robots":{"index":"index","follow":"follow","max-snippet":"max-snippet:-1","max-image-preview":"max-image-preview:large","max-video-preview":"max-video-preview:-1"},"canonical":"https:\/\/www.christoph-hainz.com\/it\/impressum\/","og_locale":"it_IT","og_type":"article","og_title":"Impressum - Christoph Hainz - Guida alpina Alto Adige e alpinista estremo","og_description":"Impressum Proprietario e responsabile per il contenuto:Christoph HainzMair-am-Bach-Weg 7I-39030 Nessano &#8211; PercaMobil: +39 348 45 09 282info@christoph-hainz.comP.IVA: 01556940219 Material fotografico:Christoph Hainz, Archivio Avviso di responsabilit\u00e0:I marchi e le societ\u00e0 citate su questo sito sono di propriet\u00e0 del apposito titolare.Nonostante l\u2019attento controllo dei contenuti, non assumiamo nessuna responsabilit\u00e0 per i contenuti relativi a link esterni. Sono [&hellip;]","og_url":"https:\/\/www.christoph-hainz.com\/it\/impressum\/","og_site_name":"Christoph Hainz - Guida alpina Alto Adige e alpinista estremo","article_publisher":"https:\/\/www.facebook.com\/christoph.hainz.16","article_modified_time":"2025-06-10T14:06:07+00:00","twitter_card":"summary_large_image","twitter_misc":{"Tempo di lettura stimato":"1 minuto"},"schema":{"@context":"https:\/\/schema.org","@graph":[{"@type":"WebPage","@id":"https:\/\/www.christoph-hainz.com\/it\/impressum\/","url":"https:\/\/www.christoph-hainz.com\/it\/impressum\/","name":"Impressum - Christoph Hainz - Guida alpina Alto Adige e alpinista estremo","isPartOf":{"@id":"https:\/\/www.christoph-hainz.com\/#website"},"datePublished":"2024-08-16T12:17:03+00:00","dateModified":"2025-06-10T14:06:07+00:00","breadcrumb":{"@id":"https:\/\/www.christoph-hainz.com\/it\/impressum\/#breadcrumb"},"inLanguage":"it-IT","potentialAction":[{"@type":"ReadAction","target":["https:\/\/www.christoph-hainz.com\/it\/impressum\/"]}]},{"@type":"BreadcrumbList","@id":"https:\/\/www.christoph-hainz.com\/it\/impressum\/#breadcrumb","itemListElement":[{"@type":"ListItem","position":1,"name":"Startseite","item":"https:\/\/www.christoph-hainz.com\/it\/"},{"@type":"ListItem","position":2,"name":"Impressum"}]},{"@type":"WebSite","@id":"https:\/\/www.christoph-hainz.com\/#website","url":"https:\/\/www.christoph-hainz.com\/","name":"Christoph Hainz","description":"Guida alpina in Alto Adige","publisher":{"@id":"https:\/\/www.christoph-hainz.com\/#organization"},"potentialAction":[{"@type":"SearchAction","target":{"@type":"EntryPoint","urlTemplate":"https:\/\/www.christoph-hainz.com\/?s={search_term_string}"},"query-input":{"@type":"PropertyValueSpecification","valueRequired":true,"valueName":"search_term_string"}}],"inLanguage":"it-IT"},{"@type":"Organization","@id":"https:\/\/www.christoph-hainz.com\/#organization","name":"Christoph Hainz","url":"https:\/\/www.christoph-hainz.com\/","logo":{"@type":"ImageObject","inLanguage":"it-IT","@id":"https:\/\/www.christoph-hainz.com\/#\/schema\/logo\/image\/","url":"https:\/\/www.christoph-hainz.com\/wp-content\/uploads\/Logo-Christoph-Hainz.svg","contentUrl":"https:\/\/www.christoph-hainz.com\/wp-content\/uploads\/Logo-Christoph-Hainz.svg","width":469.97,"height":104.38,"caption":"Christoph Hainz"},"image":{"@id":"https:\/\/www.christoph-hainz.com\/#\/schema\/logo\/image\/"},"sameAs":["https:\/\/www.facebook.com\/christoph.hainz.16"]}]}},"_links":{"self":[{"href":"https:\/\/www.christoph-hainz.com\/it\/wp-json\/wp\/v2\/pages\/6342","targetHints":{"allow":["GET"]}}],"collection":[{"href":"https:\/\/www.christoph-hainz.com\/it\/wp-json\/wp\/v2\/pages"}],"about":[{"href":"https:\/\/www.christoph-hainz.com\/it\/wp-json\/wp\/v2\/types\/page"}],"author":[{"embeddable":true,"href":"https:\/\/www.christoph-hainz.com\/it\/wp-json\/wp\/v2\/users\/1"}],"replies":[{"embeddable":true,"href":"https:\/\/www.christoph-hainz.com\/it\/wp-json\/wp\/v2\/comments?post=6342"}],"version-history":[{"count":0,"href":"https:\/\/www.christoph-hainz.com\/it\/wp-json\/wp\/v2\/pages\/6342\/revisions"}],"wp:attachment":[{"href":"https:\/\/www.christoph-hainz.com\/it\/wp-json\/wp\/v2\/media?parent=6342"}],"curies":[{"name":"wp","href":"https:\/\/api.w.org\/{rel}","templated":true}]}}