{"id":6321,"date":"2024-07-29T14:26:22","date_gmt":"2024-07-29T12:26:22","guid":{"rendered":"https:\/\/www.christoph-hainz.com\/?page_id=6321"},"modified":"2025-06-12T08:30:31","modified_gmt":"2025-06-12T06:30:31","slug":"home","status":"publish","type":"page","link":"https:\/\/www.christoph-hainz.com\/it\/","title":{"rendered":"Home"},"content":{"rendered":"\t\t<div data-elementor-type=\"wp-page\" data-elementor-id=\"6321\" class=\"elementor elementor-6321 elementor-26\">\n\t\t\t\t<div class=\"elementor-element elementor-element-441f0032 e-con-full e-flex e-con e-parent\" data-id=\"441f0032\" data-element_type=\"container\" data-settings=\"{&quot;background_background&quot;:&quot;classic&quot;}\">\n\t\t\t\t<div class=\"elementor-element elementor-element-256641ed elementor-mobile-align-center elementor-align-center elementor-widget elementor-widget-raven-heading\" data-id=\"256641ed\" data-element_type=\"widget\" data-widget_type=\"raven-heading.default\">\n\t\t\t\t<div class=\"elementor-widget-container\">\n\t\t\t\t\t\t\t<div class=\"raven-widget-wrapper\"><h2 class=\"raven-heading raven-heading-h2\"><span class=\"raven-heading-title \">Christoph Hainz<\/span><\/h2><\/div>\r\n\t\t\t\t\t\t<\/div>\n\t\t\t\t<\/div>\n\t\t\t\t<\/div>\n\t\t<div class=\"elementor-element elementor-element-6317571a e-flex e-con-boxed e-con e-parent\" data-id=\"6317571a\" data-element_type=\"container\">\n\t\t\t\t\t<div class=\"e-con-inner\">\n\t\t\t\t<div class=\"elementor-element elementor-element-d854871 elementor-mobile-align-center elementor-align-center elementor-widget elementor-widget-raven-heading\" data-id=\"d854871\" data-element_type=\"widget\" data-widget_type=\"raven-heading.default\">\n\t\t\t\t<div class=\"elementor-widget-container\">\n\t\t\t\t\t\t\t<div class=\"raven-widget-wrapper\"><h2 class=\"raven-heading raven-heading-h2\"><span class=\"raven-heading-title \">Christoph Hainz<\/span><\/h2><\/div>\r\n\t\t\t\t\t\t<\/div>\n\t\t\t\t<\/div>\n\t\t\t\t<div class=\"elementor-element elementor-element-d78b78b elementor-mobile-align-center elementor-align-center elementor-widget elementor-widget-raven-heading\" data-id=\"d78b78b\" data-element_type=\"widget\" data-widget_type=\"raven-heading.default\">\n\t\t\t\t<div class=\"elementor-widget-container\">\n\t\t\t\t\t\t\t<div class=\"raven-widget-wrapper\"><h2 class=\"raven-heading raven-heading-h2\"><span class=\"raven-heading-title \">Guida alpina e alpinista estremo<\/span><\/h2><\/div>\r\n\t\t\t\t\t\t<\/div>\n\t\t\t\t<\/div>\n\t\t\t\t<div class=\"elementor-element elementor-element-16bcfa83 elementor-widget__width-initial elementor-widget elementor-widget-text-editor\" data-id=\"16bcfa83\" data-element_type=\"widget\" data-widget_type=\"text-editor.default\">\n\t\t\t\t<div class=\"elementor-widget-container\">\n\t\t\t\t\t\t\t\t\t<p>Vi porto su\u00a0<b>vie di roccia e ghiaccio, ferrate, vie alte &#8211; faccio tour con gli sci e\/o snowboard oppure ciaspolate<\/b> nelle dolomiti, Tre Cime e Alto Adige. Tour individuali e a Vostra scelta!\u00a0<\/p><p>In pi\u00f9 faccio\u00a0<a class=\"internal-link\" title=\"Opens internal link in current window\" href=\"\/it\/conferenze\/\">conferenze<\/a>\u00a0su arrampicata estrema, spedizioni e arrampicate in solitaria.<\/p>\t\t\t\t\t\t\t\t<\/div>\n\t\t\t\t<\/div>\n\t\t\t\t\t<\/div>\n\t\t\t\t<\/div>\n\t\t<div class=\"elementor-element elementor-element-94b859d e-flex e-con-boxed e-con e-parent\" data-id=\"94b859d\" data-element_type=\"container\">\n\t\t\t\t\t<div class=\"e-con-inner\">\n\t\t<div class=\"elementor-element elementor-element-c96b3dc e-con-full e-flex e-con e-child\" data-id=\"c96b3dc\" data-element_type=\"container\">\n\t\t\t\t<div class=\"elementor-element elementor-element-07c8715 elementor-mobile-align-center elementor-align-left elementor-widget elementor-widget-raven-heading\" data-id=\"07c8715\" data-element_type=\"widget\" data-widget_type=\"raven-heading.default\">\n\t\t\t\t<div class=\"elementor-widget-container\">\n\t\t\t\t\t\t\t<div class=\"raven-widget-wrapper\"><h2 class=\"raven-heading raven-heading-h2\"><span class=\"raven-heading-title \">Christoph Hainz, la guida alpina esperta in Alto Adige<\/span><\/h2><\/div>\r\n\t\t\t\t\t\t<\/div>\n\t\t\t\t<\/div>\n\t\t\t\t<div class=\"elementor-element elementor-element-be2923c elementor-widget elementor-widget-text-editor\" data-id=\"be2923c\" data-element_type=\"widget\" data-widget_type=\"text-editor.default\">\n\t\t\t\t<div class=\"elementor-widget-container\">\n\t\t\t\t\t\t\t\t\t<p>Come <strong>guida alpina in Alto Adige<\/strong> e in particolare nella zona delle Dolomiti 3 Zinnen vi accompagno in vari tour, eccone una piccola selezione:<br \/>Grohmann Hainz F\u00fchre, Comici, Spigolo giallo, grande Micheluzzi piz ciapvazes<\/p><p><b>Dal 1990 sono guida alpina e guida di sci abilitata, dal 1999 insegnante di arrampicata sportiva e guida canyoning.<\/b><\/p><p>La sicurezza e la buona preparazione sono le priorit\u00e0 assolute di ogni mio tour. Potete contare su di me e sulla mia esperienza pluriennale nelle arrampicate in tutto l&#8217;Alto Adige.<\/p>\t\t\t\t\t\t\t\t<\/div>\n\t\t\t\t<\/div>\n\t\t\t\t<div class=\"elementor-element elementor-element-702fa72 elementor-align-center elementor-tablet-align-left elementor-mobile-align-center elementor-widget elementor-widget-raven-button\" data-id=\"702fa72\" data-element_type=\"widget\" data-settings=\"{&quot;turn_to_popup_action_button&quot;:&quot;no&quot;}\" data-widget_type=\"raven-button.default\">\n\t\t\t\t<div class=\"elementor-widget-container\">\n\t\t\t\t\t\t\t<div class=\"raven-widget-wrapper\">\r\n\t\t\t<a class=\"raven-button raven-button-widget-normal-effect-none elementor-button raven-button-text-align-center raven-button-link elementor-animation-none\" href=\"\/it\/guida-alpina\">\t\t\t\t<div class=\"raven-button-overlay\" ><\/div>\r\n\t\t\t\t<span class=\"raven-button-content\">\r\n\t\t\t\t\t\r\n\t\t\t\t\t<div class=\"button-text-container\">\r\n\t\t\t\t\t\t\t\t\t\t\t\t<div class=\"raven-button-texts-wrapper\">\r\n\t\t\t\t\t\t\t<div class=\"button-text\">\r\n\t\t\t\t\t\t\t\t<span class=\"raven-button-text\">\r\n\t\t\t\t\t\t\t\t\tmaggior informazioni\t\t\t\t\t\t\t\t<\/span>\r\n\t\t\t\t\t\t\t<\/div>\r\n\t\t\t\t\t\t\t\t\t\t\t\t\t<\/div>\r\n\t\t\t\t\t\t\t\t\t\t\t<\/div>\r\n\t\t\t\t\t\r\n\t\t\t\t\t\t\t\t\t<\/span>\r\n\t\t\t<\/a>\t\t<\/div>\r\n\t\t\t\t\t\t<\/div>\n\t\t\t\t<\/div>\n\t\t\t\t<\/div>\n\t\t<div class=\"elementor-element elementor-element-164830c e-con-full e-flex e-con e-child\" data-id=\"164830c\" data-element_type=\"container\">\n\t\t\t\t<div class=\"elementor-element elementor-element-d700e9a elementor-widget elementor-widget-image\" data-id=\"d700e9a\" data-element_type=\"widget\" data-widget_type=\"image.default\">\n\t\t\t\t<div class=\"elementor-widget-container\">\n\t\t\t\t\t\t\t\t\t\t\t\t\t\t\t<img fetchpriority=\"high\" decoding=\"async\" width=\"731\" height=\"1000\" src=\"https:\/\/www.christoph-hainz.com\/wp-content\/uploads\/christoph-hainz-drei-zinnen-bergfuehrer-suedtirol.jpg\" class=\"attachment-large size-large wp-image-6292\" alt=\"\" \/>\t\t\t\t\t\t\t\t\t\t\t\t\t\t\t<\/div>\n\t\t\t\t<\/div>\n\t\t\t\t<\/div>\n\t\t\t\t\t<\/div>\n\t\t\t\t<\/div>\n\t\t<div class=\"elementor-element elementor-element-fb9c37d e-flex e-con-boxed e-con e-parent\" data-id=\"fb9c37d\" data-element_type=\"container\">\n\t\t\t\t\t<div class=\"e-con-inner\">\n\t\t<div class=\"elementor-element elementor-element-22a97a7 e-con-full e-flex e-con e-child\" data-id=\"22a97a7\" data-element_type=\"container\">\n\t\t\t\t<div class=\"elementor-element elementor-element-a6bd422 elementor-widget elementor-widget-image\" data-id=\"a6bd422\" data-element_type=\"widget\" data-widget_type=\"image.default\">\n\t\t\t\t<div class=\"elementor-widget-container\">\n\t\t\t\t\t\t\t\t\t\t\t\t\t\t\t<img decoding=\"async\" width=\"664\" height=\"1000\" src=\"https:\/\/www.christoph-hainz.com\/wp-content\/uploads\/eiger-nordwand.jpg\" class=\"attachment-large size-large wp-image-6324\" alt=\"\" \/>\t\t\t\t\t\t\t\t\t\t\t\t\t\t\t<\/div>\n\t\t\t\t<\/div>\n\t\t\t\t<\/div>\n\t\t<div class=\"elementor-element elementor-element-7d42004 e-con-full e-flex e-con e-child\" data-id=\"7d42004\" data-element_type=\"container\">\n\t\t\t\t<div class=\"elementor-element elementor-element-cd91ec3 elementor-mobile-align-center elementor-align-left elementor-widget elementor-widget-raven-heading\" data-id=\"cd91ec3\" data-element_type=\"widget\" data-widget_type=\"raven-heading.default\">\n\t\t\t\t<div class=\"elementor-widget-container\">\n\t\t\t\t\t\t\t<div class=\"raven-widget-wrapper\"><h2 class=\"raven-heading raven-heading-h2\"><span class=\"raven-heading-title \">Le mie vie nuove<\/span><\/h2><\/div>\r\n\t\t\t\t\t\t<\/div>\n\t\t\t\t<\/div>\n\t\t\t\t<div class=\"elementor-element elementor-element-a666e9e elementor-widget elementor-widget-text-editor\" data-id=\"a666e9e\" data-element_type=\"widget\" data-widget_type=\"text-editor.default\">\n\t\t\t\t<div class=\"elementor-widget-container\">\n\t\t\t\t\t\t\t\t\t<p data-start=\"38\" data-end=\"312\">Per me ogni prima ascensione \u00e8 un&#8217;opera d&#8217;arte, un atto di creazione creativa: la realizzazione di una linea immaginata attraverso una parete nella realt\u00e0, l&#8217;unione di singoli passaggi e lunghezze di corda in un insieme il pi\u00f9 possibile armonioso, secondo uno stile preciso.<\/p><p data-start=\"314\" data-end=\"754\">Nel corso degli anni, il carattere delle mie prime ascensioni \u00e8 cambiato. Le mie prime nuove vie erano \u201cselvagge\u201d, spesso su roccia friabile, sempre con protezioni scarse e quindi molto rischiose. All\u2019epoca valeva la regola: pi\u00f9 difficile e meno protetta era una nuova via, maggiore era il prestigio e il rispetto guadagnato dal suo primo salitore nell\u2019ambiente. Alcune delle mie vie di quel periodo non sono mai state ripetute fino a oggi.<\/p><p data-start=\"756\" data-end=\"1430\">Forse \u00e8 stata l\u2019et\u00e0 crescente e la maturit\u00e0 acquisita che, a met\u00e0 degli anni Novanta, mi hanno portato a un cambiamento di prospettiva. Volevo che le mie nuove vie fossero ripetute. Un numero pi\u00f9 ampio possibile di arrampicatori doveva poter godere di nuove linee senza esporsi in modo sconsiderato a rischi eccessivi. Da allora ho iniziato ad attrezzare le soste in modo solido con spit, ma ho mantenuto le lunghe distanze tra le protezioni intermedie nelle lunghezze di corda. Cos\u00ec sono nate vie con difficolt\u00e0 elevate fino al IX grado, con protezioni ragionevoli ma non eccessive, come <em data-start=\"1345\" data-end=\"1364\">Phantom der Zinne<\/em> e <em data-start=\"1367\" data-end=\"1379\">Alpenliebe<\/em> sulle pareti nord della Grande e della Cima Ovest.<\/p><p data-start=\"1432\" data-end=\"1764\">Oggi mi sta particolarmente a cuore aprire vie protette in modo analogo anche in gradi di difficolt\u00e0 pi\u00f9 bassi. La <em data-start=\"1547\" data-end=\"1570\">Grohmann-Hainz-F\u00fchrer<\/em> sulla Grande Cima e la <em data-start=\"1594\" data-end=\"1603\">Skyline<\/em> sulla Cima Ovest sono lunghe nuove salite di IV e V grado, con arrampicata varia, perfettamente attrezzate per i ripetitori e situate su cime di grande rilievo.<\/p>\t\t\t\t\t\t\t\t<\/div>\n\t\t\t\t<\/div>\n\t\t\t\t<div class=\"elementor-element elementor-element-2f9a2197 elementor-align-center elementor-tablet-align-left elementor-mobile-align-center elementor-widget elementor-widget-raven-button\" data-id=\"2f9a2197\" data-element_type=\"widget\" data-settings=\"{&quot;turn_to_popup_action_button&quot;:&quot;no&quot;}\" data-widget_type=\"raven-button.default\">\n\t\t\t\t<div class=\"elementor-widget-container\">\n\t\t\t\t\t\t\t<div class=\"raven-widget-wrapper\">\r\n\t\t\t<a class=\"raven-button raven-button-widget-normal-effect-none elementor-button raven-button-text-align-center raven-button-link elementor-animation-none\" href=\"\/it\/vie-nuove\">\t\t\t\t<div class=\"raven-button-overlay\" ><\/div>\r\n\t\t\t\t<span class=\"raven-button-content\">\r\n\t\t\t\t\t\r\n\t\t\t\t\t<div class=\"button-text-container\">\r\n\t\t\t\t\t\t\t\t\t\t\t\t<div class=\"raven-button-texts-wrapper\">\r\n\t\t\t\t\t\t\t<div class=\"button-text\">\r\n\t\t\t\t\t\t\t\t<span class=\"raven-button-text\">\r\n\t\t\t\t\t\t\t\t\tTutte le vie nuove\t\t\t\t\t\t\t\t<\/span>\r\n\t\t\t\t\t\t\t<\/div>\r\n\t\t\t\t\t\t\t\t\t\t\t\t\t<\/div>\r\n\t\t\t\t\t\t\t\t\t\t\t<\/div>\r\n\t\t\t\t\t\r\n\t\t\t\t\t\t\t\t\t<\/span>\r\n\t\t\t<\/a>\t\t<\/div>\r\n\t\t\t\t\t\t<\/div>\n\t\t\t\t<\/div>\n\t\t\t\t<\/div>\n\t\t\t\t\t<\/div>\n\t\t\t\t<\/div>\n\t\t\t\t<\/div>\n\t\t","protected":false},"excerpt":{"rendered":"<p>Christoph Hainz Christoph Hainz Guida alpina e alpinista estremo Vi porto su\u00a0vie di roccia e ghiaccio, ferrate, vie alte &#8211; faccio tour con gli sci e\/o snowboard oppure ciaspolate nelle dolomiti, Tre Cime e Alto Adige. Tour individuali e a Vostra scelta!\u00a0 In pi\u00f9 faccio\u00a0conferenze\u00a0su arrampicata estrema, spedizioni e arrampicate in solitaria. Christoph Hainz, la [&hellip;]<\/p>\n","protected":false},"author":1,"featured_media":0,"parent":0,"menu_order":0,"comment_status":"closed","ping_status":"closed","template":"elementor_header_footer","meta":{"_acf_changed":false,"footnotes":""},"class_list":["post-6321","page","type-page","status-publish","hentry"],"acf":[],"yoast_head":"<!-- This site is optimized with the Yoast SEO plugin v25.6 - https:\/\/yoast.com\/wordpress\/plugins\/seo\/ -->\n<title>Christoph Hainz - Guida alpina in Alto Adige e alpinista estremo<\/title>\n<meta name=\"description\" content=\"Vi porto su vie di roccia e ghiaccio, ferrate, vie alte \u2013 faccio tour con gli sci e\/o snowboard oppure ciaspolate nelle dolomiti, Tre Cime e Alto Adige.\" \/>\n<meta name=\"robots\" content=\"index, follow, max-snippet:-1, max-image-preview:large, max-video-preview:-1\" \/>\n<link rel=\"canonical\" href=\"https:\/\/www.christoph-hainz.com\/it\/\" \/>\n<meta property=\"og:locale\" content=\"it_IT\" \/>\n<meta property=\"og:type\" content=\"article\" \/>\n<meta property=\"og:title\" content=\"Christoph Hainz - Guida alpina in Alto Adige e alpinista estremo\" \/>\n<meta property=\"og:description\" content=\"Vi porto su vie di roccia e ghiaccio, ferrate, vie alte \u2013 faccio tour con gli sci e\/o snowboard oppure ciaspolate nelle dolomiti, Tre Cime e Alto Adige.\" \/>\n<meta property=\"og:url\" content=\"https:\/\/www.christoph-hainz.com\/it\/\" \/>\n<meta property=\"og:site_name\" content=\"Christoph Hainz - Guida alpina Alto Adige e alpinista estremo\" \/>\n<meta property=\"article:publisher\" content=\"https:\/\/www.facebook.com\/christoph.hainz.16\" \/>\n<meta property=\"article:modified_time\" content=\"2025-06-12T06:30:31+00:00\" \/>\n<meta property=\"og:image\" content=\"https:\/\/www.christoph-hainz.com\/wp-content\/uploads\/christoph-hainz-drei-zinnen-bergfuehrer-suedtirol.jpg\" \/>\n<meta name=\"twitter:card\" content=\"summary_large_image\" \/>\n<meta name=\"twitter:label1\" content=\"Tempo di lettura stimato\" \/>\n\t<meta name=\"twitter:data1\" content=\"3 minuti\" \/>\n<script type=\"application\/ld+json\" class=\"yoast-schema-graph\">{\"@context\":\"https:\/\/schema.org\",\"@graph\":[{\"@type\":\"WebPage\",\"@id\":\"https:\/\/www.christoph-hainz.com\/it\/\",\"url\":\"https:\/\/www.christoph-hainz.com\/it\/\",\"name\":\"Christoph Hainz - Guida alpina in Alto Adige e alpinista estremo\",\"isPartOf\":{\"@id\":\"https:\/\/www.christoph-hainz.com\/#website\"},\"primaryImageOfPage\":{\"@id\":\"https:\/\/www.christoph-hainz.com\/it\/#primaryimage\"},\"image\":{\"@id\":\"https:\/\/www.christoph-hainz.com\/it\/#primaryimage\"},\"thumbnailUrl\":\"https:\/\/www.christoph-hainz.com\/wp-content\/uploads\/christoph-hainz-drei-zinnen-bergfuehrer-suedtirol.jpg\",\"datePublished\":\"2024-07-29T12:26:22+00:00\",\"dateModified\":\"2025-06-12T06:30:31+00:00\",\"description\":\"Vi porto su vie di roccia e ghiaccio, ferrate, vie alte \u2013 faccio tour con gli sci e\/o snowboard oppure ciaspolate nelle dolomiti, Tre Cime e Alto Adige.\",\"breadcrumb\":{\"@id\":\"https:\/\/www.christoph-hainz.com\/it\/#breadcrumb\"},\"inLanguage\":\"it-IT\",\"potentialAction\":[{\"@type\":\"ReadAction\",\"target\":[\"https:\/\/www.christoph-hainz.com\/it\/\"]}]},{\"@type\":\"ImageObject\",\"inLanguage\":\"it-IT\",\"@id\":\"https:\/\/www.christoph-hainz.com\/it\/#primaryimage\",\"url\":\"https:\/\/www.christoph-hainz.com\/wp-content\/uploads\/christoph-hainz-drei-zinnen-bergfuehrer-suedtirol.jpg\",\"contentUrl\":\"https:\/\/www.christoph-hainz.com\/wp-content\/uploads\/christoph-hainz-drei-zinnen-bergfuehrer-suedtirol.jpg\"},{\"@type\":\"BreadcrumbList\",\"@id\":\"https:\/\/www.christoph-hainz.com\/it\/#breadcrumb\",\"itemListElement\":[{\"@type\":\"ListItem\",\"position\":1,\"name\":\"Startseite\",\"item\":\"https:\/\/www.christoph-hainz.com\/it\/\"},{\"@type\":\"ListItem\",\"position\":2,\"name\":\"Home\"}]},{\"@type\":\"WebSite\",\"@id\":\"https:\/\/www.christoph-hainz.com\/#website\",\"url\":\"https:\/\/www.christoph-hainz.com\/\",\"name\":\"Christoph Hainz\",\"description\":\"Guida alpina in Alto Adige\",\"publisher\":{\"@id\":\"https:\/\/www.christoph-hainz.com\/#organization\"},\"potentialAction\":[{\"@type\":\"SearchAction\",\"target\":{\"@type\":\"EntryPoint\",\"urlTemplate\":\"https:\/\/www.christoph-hainz.com\/?s={search_term_string}\"},\"query-input\":{\"@type\":\"PropertyValueSpecification\",\"valueRequired\":true,\"valueName\":\"search_term_string\"}}],\"inLanguage\":\"it-IT\"},{\"@type\":\"Organization\",\"@id\":\"https:\/\/www.christoph-hainz.com\/#organization\",\"name\":\"Christoph Hainz\",\"url\":\"https:\/\/www.christoph-hainz.com\/\",\"logo\":{\"@type\":\"ImageObject\",\"inLanguage\":\"it-IT\",\"@id\":\"https:\/\/www.christoph-hainz.com\/#\/schema\/logo\/image\/\",\"url\":\"https:\/\/www.christoph-hainz.com\/wp-content\/uploads\/Logo-Christoph-Hainz.svg\",\"contentUrl\":\"https:\/\/www.christoph-hainz.com\/wp-content\/uploads\/Logo-Christoph-Hainz.svg\",\"width\":469.97,\"height\":104.38,\"caption\":\"Christoph Hainz\"},\"image\":{\"@id\":\"https:\/\/www.christoph-hainz.com\/#\/schema\/logo\/image\/\"},\"sameAs\":[\"https:\/\/www.facebook.com\/christoph.hainz.16\"]}]}<\/script>\n<!-- \/ Yoast SEO plugin. -->","yoast_head_json":{"title":"Christoph Hainz - Guida alpina in Alto Adige e alpinista estremo","description":"Vi porto su vie di roccia e ghiaccio, ferrate, vie alte \u2013 faccio tour con gli sci e\/o snowboard oppure ciaspolate nelle dolomiti, Tre Cime e Alto Adige.","robots":{"index":"index","follow":"follow","max-snippet":"max-snippet:-1","max-image-preview":"max-image-preview:large","max-video-preview":"max-video-preview:-1"},"canonical":"https:\/\/www.christoph-hainz.com\/it\/","og_locale":"it_IT","og_type":"article","og_title":"Christoph Hainz - Guida alpina in Alto Adige e alpinista estremo","og_description":"Vi porto su vie di roccia e ghiaccio, ferrate, vie alte \u2013 faccio tour con gli sci e\/o snowboard oppure ciaspolate nelle dolomiti, Tre Cime e Alto Adige.","og_url":"https:\/\/www.christoph-hainz.com\/it\/","og_site_name":"Christoph Hainz - Guida alpina Alto Adige e alpinista estremo","article_publisher":"https:\/\/www.facebook.com\/christoph.hainz.16","article_modified_time":"2025-06-12T06:30:31+00:00","og_image":[{"url":"https:\/\/www.christoph-hainz.com\/wp-content\/uploads\/christoph-hainz-drei-zinnen-bergfuehrer-suedtirol.jpg","type":"","width":"","height":""}],"twitter_card":"summary_large_image","twitter_misc":{"Tempo di lettura stimato":"3 minuti"},"schema":{"@context":"https:\/\/schema.org","@graph":[{"@type":"WebPage","@id":"https:\/\/www.christoph-hainz.com\/it\/","url":"https:\/\/www.christoph-hainz.com\/it\/","name":"Christoph Hainz - Guida alpina in Alto Adige e alpinista estremo","isPartOf":{"@id":"https:\/\/www.christoph-hainz.com\/#website"},"primaryImageOfPage":{"@id":"https:\/\/www.christoph-hainz.com\/it\/#primaryimage"},"image":{"@id":"https:\/\/www.christoph-hainz.com\/it\/#primaryimage"},"thumbnailUrl":"https:\/\/www.christoph-hainz.com\/wp-content\/uploads\/christoph-hainz-drei-zinnen-bergfuehrer-suedtirol.jpg","datePublished":"2024-07-29T12:26:22+00:00","dateModified":"2025-06-12T06:30:31+00:00","description":"Vi porto su vie di roccia e ghiaccio, ferrate, vie alte \u2013 faccio tour con gli sci e\/o snowboard oppure ciaspolate nelle dolomiti, Tre Cime e Alto Adige.","breadcrumb":{"@id":"https:\/\/www.christoph-hainz.com\/it\/#breadcrumb"},"inLanguage":"it-IT","potentialAction":[{"@type":"ReadAction","target":["https:\/\/www.christoph-hainz.com\/it\/"]}]},{"@type":"ImageObject","inLanguage":"it-IT","@id":"https:\/\/www.christoph-hainz.com\/it\/#primaryimage","url":"https:\/\/www.christoph-hainz.com\/wp-content\/uploads\/christoph-hainz-drei-zinnen-bergfuehrer-suedtirol.jpg","contentUrl":"https:\/\/www.christoph-hainz.com\/wp-content\/uploads\/christoph-hainz-drei-zinnen-bergfuehrer-suedtirol.jpg"},{"@type":"BreadcrumbList","@id":"https:\/\/www.christoph-hainz.com\/it\/#breadcrumb","itemListElement":[{"@type":"ListItem","position":1,"name":"Startseite","item":"https:\/\/www.christoph-hainz.com\/it\/"},{"@type":"ListItem","position":2,"name":"Home"}]},{"@type":"WebSite","@id":"https:\/\/www.christoph-hainz.com\/#website","url":"https:\/\/www.christoph-hainz.com\/","name":"Christoph Hainz","description":"Guida alpina in Alto Adige","publisher":{"@id":"https:\/\/www.christoph-hainz.com\/#organization"},"potentialAction":[{"@type":"SearchAction","target":{"@type":"EntryPoint","urlTemplate":"https:\/\/www.christoph-hainz.com\/?s={search_term_string}"},"query-input":{"@type":"PropertyValueSpecification","valueRequired":true,"valueName":"search_term_string"}}],"inLanguage":"it-IT"},{"@type":"Organization","@id":"https:\/\/www.christoph-hainz.com\/#organization","name":"Christoph Hainz","url":"https:\/\/www.christoph-hainz.com\/","logo":{"@type":"ImageObject","inLanguage":"it-IT","@id":"https:\/\/www.christoph-hainz.com\/#\/schema\/logo\/image\/","url":"https:\/\/www.christoph-hainz.com\/wp-content\/uploads\/Logo-Christoph-Hainz.svg","contentUrl":"https:\/\/www.christoph-hainz.com\/wp-content\/uploads\/Logo-Christoph-Hainz.svg","width":469.97,"height":104.38,"caption":"Christoph Hainz"},"image":{"@id":"https:\/\/www.christoph-hainz.com\/#\/schema\/logo\/image\/"},"sameAs":["https:\/\/www.facebook.com\/christoph.hainz.16"]}]}},"_links":{"self":[{"href":"https:\/\/www.christoph-hainz.com\/it\/wp-json\/wp\/v2\/pages\/6321","targetHints":{"allow":["GET"]}}],"collection":[{"href":"https:\/\/www.christoph-hainz.com\/it\/wp-json\/wp\/v2\/pages"}],"about":[{"href":"https:\/\/www.christoph-hainz.com\/it\/wp-json\/wp\/v2\/types\/page"}],"author":[{"embeddable":true,"href":"https:\/\/www.christoph-hainz.com\/it\/wp-json\/wp\/v2\/users\/1"}],"replies":[{"embeddable":true,"href":"https:\/\/www.christoph-hainz.com\/it\/wp-json\/wp\/v2\/comments?post=6321"}],"version-history":[{"count":0,"href":"https:\/\/www.christoph-hainz.com\/it\/wp-json\/wp\/v2\/pages\/6321\/revisions"}],"wp:attachment":[{"href":"https:\/\/www.christoph-hainz.com\/it\/wp-json\/wp\/v2\/media?parent=6321"}],"curies":[{"name":"wp","href":"https:\/\/api.w.org\/{rel}","templated":true}]}}